{"id":296,"date":"2024-04-19T16:40:02","date_gmt":"2024-04-19T16:40:02","guid":{"rendered":"http:\/\/emecondominios.pt\/?page_id=296"},"modified":"2024-04-19T17:11:52","modified_gmt":"2024-04-19T17:11:52","slug":"politica-de-cookies","status":"publish","type":"page","link":"https:\/\/emecondominios.pt\/?page_id=296","title":{"rendered":"Pol\u00edtica de Cookies"},"content":{"rendered":"\t\t<div data-elementor-type=\"wp-page\" data-elementor-id=\"296\" class=\"elementor elementor-296\" data-elementor-post-type=\"page\">\n\t\t\t\t<div class=\"elementor-element elementor-element-ae5f4b9 e-flex e-con-boxed e-con e-parent\" data-id=\"ae5f4b9\" data-element_type=\"container\">\n\t\t\t\t\t<div class=\"e-con-inner\">\n\t\t\t\t<div class=\"elementor-element elementor-element-425615d elementor-widget elementor-widget-heading\" data-id=\"425615d\" data-element_type=\"widget\" data-widget_type=\"heading.default\">\n\t\t\t\t<div class=\"elementor-widget-container\">\n\t\t\t<style>\/*! elementor - v3.21.0 - 15-04-2024 *\/\n.elementor-heading-title{padding:0;margin:0;line-height:1}.elementor-widget-heading .elementor-heading-title[class*=elementor-size-]>a{color:inherit;font-size:inherit;line-height:inherit}.elementor-widget-heading .elementor-heading-title.elementor-size-small{font-size:15px}.elementor-widget-heading .elementor-heading-title.elementor-size-medium{font-size:19px}.elementor-widget-heading .elementor-heading-title.elementor-size-large{font-size:29px}.elementor-widget-heading .elementor-heading-title.elementor-size-xl{font-size:39px}.elementor-widget-heading .elementor-heading-title.elementor-size-xxl{font-size:59px}<\/style><h2 class=\"elementor-heading-title elementor-size-default\">Pol\u00edtica de Cookies<\/h2>\t\t<\/div>\n\t\t\t\t<\/div>\n\t\t\t\t\t<\/div>\n\t\t\t\t<\/div>\n\t\t<div class=\"elementor-element elementor-element-4309fe0 e-flex e-con-boxed e-con e-parent\" data-id=\"4309fe0\" data-element_type=\"container\">\n\t\t\t\t\t<div class=\"e-con-inner\">\n\t\t\t\t<div class=\"elementor-element elementor-element-d2c5e56 elementor-widget elementor-widget-text-editor\" data-id=\"d2c5e56\" data-element_type=\"widget\" data-widget_type=\"text-editor.default\">\n\t\t\t\t<div class=\"elementor-widget-container\">\n\t\t\t<style>\/*! elementor - v3.21.0 - 15-04-2024 *\/\n.elementor-widget-text-editor.elementor-drop-cap-view-stacked .elementor-drop-cap{background-color:#69727d;color:#fff}.elementor-widget-text-editor.elementor-drop-cap-view-framed .elementor-drop-cap{color:#69727d;border:3px solid;background-color:transparent}.elementor-widget-text-editor:not(.elementor-drop-cap-view-default) .elementor-drop-cap{margin-top:8px}.elementor-widget-text-editor:not(.elementor-drop-cap-view-default) .elementor-drop-cap-letter{width:1em;height:1em}.elementor-widget-text-editor .elementor-drop-cap{float:left;text-align:center;line-height:1;font-size:50px}.elementor-widget-text-editor .elementor-drop-cap-letter{display:inline-block}<\/style>\t\t\t\t<div class=\"flex-1 overflow-hidden\"><div class=\"react-scroll-to-bottom--css-dsshv-79elbk h-full\"><div class=\"react-scroll-to-bottom--css-dsshv-1n7m0yu\"><div class=\"flex flex-col text-sm pb-9\"><div class=\"w-full text-token-text-primary\" dir=\"auto\" data-testid=\"conversation-turn-5\"><div class=\"px-4 py-2 justify-center text-base md:gap-6 m-auto\"><div class=\"flex flex-1 text-base mx-auto gap-3 juice:gap-4 juice:md:gap-6 md:px-5 lg:px-1 xl:px-5 md:max-w-3xl lg:max-w-[40rem] xl:max-w-[48rem]\"><div class=\"relative flex w-full flex-col agent-turn\"><div class=\"flex-col gap-1 md:gap-3\"><div class=\"flex flex-grow flex-col max-w-full\"><div class=\"min-h-[20px] text-message flex flex-col items-start gap-3 whitespace-pre-wrap break-words [.text-message+&amp;]:mt-5 overflow-x-auto\" dir=\"auto\" data-message-author-role=\"assistant\" data-message-id=\"b0d1f68c-3cb9-4032-8f43-9ee3fe4a40ab\"><div class=\"markdown prose w-full break-words dark:prose-invert light\"><ol><li><p><strong>O Que S\u00e3o Cookies:<\/strong><\/p><ul><li>Cookies s\u00e3o pequenos arquivos de texto que s\u00e3o armazenados no seu dispositivo quando voc\u00ea visita um site. Eles s\u00e3o amplamente utilizados para tornar os sites mais eficientes e para fornecer informa\u00e7\u00f5es aos propriet\u00e1rios do site.<\/li><\/ul><\/li><li><p><strong>Tipos de Cookies que Utilizamos:<\/strong><\/p><ul><li><strong>Cookies Essenciais:<\/strong> Estes cookies s\u00e3o necess\u00e1rios para o funcionamento adequado do site e n\u00e3o podem ser desativados nos nossos sistemas. Eles s\u00e3o geralmente definidos em resposta a a\u00e7\u00f5es feitas pelo utilizador, como configurar as suas prefer\u00eancias de privacidade, iniciar sess\u00e3o ou preencher formul\u00e1rios.<\/li><li><strong>Cookies de Desempenho:<\/strong> Estes cookies permitem-nos contabilizar as visitas e fontes de tr\u00e1fego, para que possamos medir e melhorar o desempenho do nosso site. A informa\u00e7\u00e3o recolhida por estes cookies \u00e9 agregada e, portanto, an\u00f3nima.<\/li><li><strong>Cookies de Funcionalidade:<\/strong> Estes cookies permitem-nos lembrar as escolhas que faz enquanto navega no site, como o seu nome de utilizador, idioma ou regi\u00e3o, e fornecer funcionalidades melhoradas e mais personalizadas.<\/li><li><strong>Cookies de Publicidade:<\/strong> Estes cookies s\u00e3o utilizados para direcionar publicidade relevante para os utilizadores com base nos seus interesses, bem como para limitar a quantidade de vezes que um an\u00fancio \u00e9 exibido a um utilizador e para medir a efic\u00e1cia de uma campanha publicit\u00e1ria.<\/li><\/ul><\/li><li><p><strong>Gest\u00e3o de Cookies:<\/strong><\/p><ul><li>Ao utilizar o nosso site, voc\u00ea concorda com o uso de cookies de acordo com esta Pol\u00edtica de Cookies. No entanto, voc\u00ea tem o direito de controlar se aceita ou n\u00e3o cookies e de apagar os cookies existentes do seu dispositivo.<\/li><li>A maioria dos navegadores permite que voc\u00ea recuse ou aceite cookies, bem como que elimine<p>os cookies j\u00e1 armazenados no seu dispositivo. As instru\u00e7\u00f5es para fazer isso variam de acordo com o navegador que voc\u00ea est\u00e1 usando. Abaixo est\u00e3o links para as p\u00e1ginas de ajuda dos navegadores mais populares:<\/p><div class=\"dark bg-gray-950 rounded-md border-[0.5px] border-token-border-medium\"><div class=\"p-4 overflow-y-auto\"><code class=\"!whitespace-pre hljs language-markdown\"><span class=\"hljs-bullet\">-<\/span> <span class=\"hljs-strong\">**Google Chrome:**<\/span> [<span class=\"hljs-string\">Gerir cookies no Chrome<\/span>](<span class=\"hljs-link\">https:\/\/support.google.com\/chrome\/answer\/95647?hl=pt<\/span>)\n<span class=\"hljs-bullet\">-<\/span> <span class=\"hljs-strong\">**Mozilla Firefox:**<\/span> [<span class=\"hljs-string\">Gerir cookies no Firefox<\/span>](<span class=\"hljs-link\">https:\/\/support.mozilla.org\/pt-PT\/kb\/ativar-e-desativar-cookies-que-os-websites-utiliza<\/span>)\n<span class=\"hljs-bullet\">-<\/span> <span class=\"hljs-strong\">**Microsoft Edge:**<\/span> [<span class=\"hljs-string\">Gerir cookies no Edge<\/span>](<span class=\"hljs-link\">https:\/\/support.microsoft.com\/pt-pt\/microsoft-edge\/gerir-cookies-no-microsoft-edge-61676445-4e2a-b2c8-9fc1-dfa443e1c61e<\/span>)\n<span class=\"hljs-bullet\">-<\/span> <span class=\"hljs-strong\">**Safari (macOS):**<\/span> [<span class=\"hljs-string\">Gerir cookies no Safari<\/span>](<span class=\"hljs-link\">https:\/\/support.apple.com\/pt-pt\/guide\/safari\/sfri11471\/mac<\/span>)\n<span class=\"hljs-bullet\">-<\/span> <span class=\"hljs-strong\">**Safari (iOS):**<\/span> [<span class=\"hljs-string\">Gerir cookies no Safari para iOS<\/span>](<span class=\"hljs-link\">https:\/\/support.apple.com\/pt-pt\/guide\/iphone\/iph31211\/ios<\/span>)\n<\/code><\/div><\/div><p>Por favor, note que a desativa\u00e7\u00e3o de cookies pode afetar a funcionalidade do site e a sua experi\u00eancia de navega\u00e7\u00e3o. Se preferir n\u00e3o receber cookies, pode configurar o seu navegador para recusar cookies antes de utilizar o nosso site. No entanto, ao faz\u00ea-lo, algumas partes do site podem n\u00e3o funcionar corretamente.<\/p><p>Ao continuar a utilizar o nosso site sem alterar as configura\u00e7\u00f5es do seu navegador para cookies, voc\u00ea consente com o nosso uso de cookies de acordo com esta Pol\u00edtica de Cookies. Esta pol\u00edtica est\u00e1 sujeita a altera\u00e7\u00f5es e quaisquer altera\u00e7\u00f5es ser\u00e3o publicadas nesta p\u00e1gina.<\/p><\/li><\/ul><\/li><\/ol><\/div><\/div><\/div><\/div><\/div><\/div><\/div><\/div><\/div><\/div><\/div><\/div>\t\t\t\t\t\t<\/div>\n\t\t\t\t<\/div>\n\t\t\t\t\t<\/div>\n\t\t\t\t<\/div>\n\t\t\t\t<\/div>\n\t\t","protected":false},"excerpt":{"rendered":"<p>Pol\u00edtica de Cookies O Que S\u00e3o Cookies: Cookies s\u00e3o pequenos arquivos de texto que s\u00e3o armazenados no seu dispositivo quando voc\u00ea visita um site. Eles s\u00e3o amplamente utilizados para tornar os sites mais eficientes e para fornecer informa\u00e7\u00f5es aos propriet\u00e1rios do site. Tipos de Cookies que Utilizamos: Cookies Essenciais: Estes cookies s\u00e3o necess\u00e1rios para o [&hellip;]<\/p>\n","protected":false},"author":1,"featured_media":0,"parent":0,"menu_order":0,"comment_status":"closed","ping_status":"closed","template":"elementor_canvas","meta":{"footnotes":""},"class_list":["post-296","page","type-page","status-publish","hentry"],"_links":{"self":[{"href":"https:\/\/emecondominios.pt\/index.php?rest_route=\/wp\/v2\/pages\/296","targetHints":{"allow":["GET"]}}],"collection":[{"href":"https:\/\/emecondominios.pt\/index.php?rest_route=\/wp\/v2\/pages"}],"about":[{"href":"https:\/\/emecondominios.pt\/index.php?rest_route=\/wp\/v2\/types\/page"}],"author":[{"embeddable":true,"href":"https:\/\/emecondominios.pt\/index.php?rest_route=\/wp\/v2\/users\/1"}],"replies":[{"embeddable":true,"href":"https:\/\/emecondominios.pt\/index.php?rest_route=%2Fwp%2Fv2%2Fcomments&post=296"}],"version-history":[{"count":7,"href":"https:\/\/emecondominios.pt\/index.php?rest_route=\/wp\/v2\/pages\/296\/revisions"}],"predecessor-version":[{"id":362,"href":"https:\/\/emecondominios.pt\/index.php?rest_route=\/wp\/v2\/pages\/296\/revisions\/362"}],"wp:attachment":[{"href":"https:\/\/emecondominios.pt\/index.php?rest_route=%2Fwp%2Fv2%2Fmedia&parent=296"}],"curies":[{"name":"wp","href":"https:\/\/api.w.org\/{rel}","templated":true}]}}